{"id":36,"date":"2016-03-23T00:29:32","date_gmt":"2016-03-23T00:29:32","guid":{"rendered":"http:\/\/osrodekpietrowice.pl\/?page_id=36"},"modified":"2023-02-02T12:07:18","modified_gmt":"2023-02-02T11:07:18","slug":"pole-namiotowe","status":"publish","type":"page","link":"https:\/\/osrodekpietrowice.pl\/?page_id=36","title":{"rendered":"Pole namiotowe"},"content":{"rendered":"<h5>O\u015brodek dysponuje trawiastym polem namiotowym w du\u017cej mierze zadrzewionym, sanitariatami i kuchni\u0105 turystyczn\u0105. Wy\u017cywienie zapewnia r\u00f3wnie\u017c miejscowy bar i restauracja.<\/h5>\n<div class=\"tiled-gallery type-rectangular tiled-gallery-unresized\" data-original-width=\"690\" data-carousel-extra='null' itemscope itemtype=\"http:\/\/schema.org\/ImageGallery\" > <div class=\"gallery-row\" style=\"width: 690px; height: 292px;\" data-original-width=\"690\" data-original-height=\"292\" > <div class=\"gallery-group images-2\" style=\"width: 256px; height: 292px;\" data-original-width=\"256\" data-original-height=\"292\" > <div class=\"tiled-gallery-item tiled-gallery-item-large\" itemprop=\"associatedMedia\" itemscope itemtype=\"http:\/\/schema.org\/ImageObject\"> <a href=\"https:\/\/i0.wp.com\/osrodekpietrowice.pl\/wp-content\/uploads\/2016\/07\/MG_4538.jpg?ssl=1\" border=\"0\" itemprop=\"url\"> <meta itemprop=\"width\" content=\"252\"> <meta itemprop=\"height\" content=\"142\"> <img data-attachment-id=\"317\" data-orig-file=\"https:\/\/osrodekpietrowice.pl\/wp-content\/uploads\/2016\/07\/MG_4538.jpg\" data-orig-size=\"1920,1080\" data-comments-opened=\"\" data-image-meta=\"{&quot;aperture&quot;:&quot;0&quot;,&quot;credit&quot;:&quot;&quot;,&quot;camera&quot;:&quot;&quot;,&quot;caption&quot;:&quot;&quot;,&quot;created_timestamp&quot;:&quot;0&quot;,&quot;copyright&quot;:&quot;&quot;,&quot;focal_length&quot;:&quot;0&quot;,&quot;iso&quot;:&quot;0&quot;,&quot;shutter_speed&quot;:&quot;0&quot;,&quot;title&quot;:&quot;&quot;,&quot;orientation&quot;:&quot;0&quot;}\" data-image-title=\"__MG_4538\" data-image-description=\"\" data-medium-file=\"https:\/\/osrodekpietrowice.pl\/wp-content\/uploads\/2016\/07\/MG_4538-300x169.jpg\" data-large-file=\"https:\/\/osrodekpietrowice.pl\/wp-content\/uploads\/2016\/07\/MG_4538-1024x576.jpg\" src=\"https:\/\/i0.wp.com\/osrodekpietrowice.pl\/wp-content\/uploads\/2016\/07\/MG_4538.jpg?w=252&#038;h=142&#038;ssl=1\" width=\"252\" height=\"142\" data-original-width=\"252\" data-original-height=\"142\" itemprop=\"http:\/\/schema.org\/image\" title=\"__MG_4538\" alt=\"__MG_4538\" style=\"width: 252px; height: 142px;\" \/> <\/a> <\/div> <div class=\"tiled-gallery-item tiled-gallery-item-large\" itemprop=\"associatedMedia\" itemscope itemtype=\"http:\/\/schema.org\/ImageObject\"> <a href=\"https:\/\/i0.wp.com\/osrodekpietrowice.pl\/wp-content\/uploads\/2016\/03\/POLE-NAMIOTOWE-0.jpg?ssl=1\" border=\"0\" itemprop=\"url\"> <meta itemprop=\"width\" content=\"252\"> <meta itemprop=\"height\" content=\"142\"> <img data-attachment-id=\"286\" data-orig-file=\"https:\/\/osrodekpietrowice.pl\/wp-content\/uploads\/2016\/03\/POLE-NAMIOTOWE-0.jpg\" data-orig-size=\"1920,1080\" data-comments-opened=\"\" data-image-meta=\"{&quot;aperture&quot;:&quot;0&quot;,&quot;credit&quot;:&quot;&quot;,&quot;camera&quot;:&quot;&quot;,&quot;caption&quot;:&quot;&quot;,&quot;created_timestamp&quot;:&quot;0&quot;,&quot;copyright&quot;:&quot;&quot;,&quot;focal_length&quot;:&quot;0&quot;,&quot;iso&quot;:&quot;0&quot;,&quot;shutter_speed&quot;:&quot;0&quot;,&quot;title&quot;:&quot;&quot;,&quot;orientation&quot;:&quot;0&quot;}\" data-image-title=\"POLE NAMIOTOWE (0)\" data-image-description=\"\" data-medium-file=\"https:\/\/osrodekpietrowice.pl\/wp-content\/uploads\/2016\/03\/POLE-NAMIOTOWE-0-300x169.jpg\" data-large-file=\"https:\/\/osrodekpietrowice.pl\/wp-content\/uploads\/2016\/03\/POLE-NAMIOTOWE-0-1024x576.jpg\" src=\"https:\/\/i0.wp.com\/osrodekpietrowice.pl\/wp-content\/uploads\/2016\/03\/POLE-NAMIOTOWE-0.jpg?w=252&#038;h=142&#038;ssl=1\" width=\"252\" height=\"142\" data-original-width=\"252\" data-original-height=\"142\" itemprop=\"http:\/\/schema.org\/image\" title=\"POLE NAMIOTOWE (0)\" alt=\"POLE NAMIOTOWE (0)\" style=\"width: 252px; height: 142px;\" \/> <\/a> <\/div> <\/div> <!-- close group --> <div class=\"gallery-group images-1\" style=\"width: 434px; height: 292px;\" data-original-width=\"434\" data-original-height=\"292\" > <div class=\"tiled-gallery-item tiled-gallery-item-large\" itemprop=\"associatedMedia\" itemscope itemtype=\"http:\/\/schema.org\/ImageObject\"> <a href=\"https:\/\/i0.wp.com\/osrodekpietrowice.pl\/wp-content\/uploads\/2016\/03\/POLE-NAMIOTOWE-1.jpg?ssl=1\" border=\"0\" itemprop=\"url\"> <meta itemprop=\"width\" content=\"430\"> <meta itemprop=\"height\" content=\"288\"> <img data-attachment-id=\"288\" data-orig-file=\"https:\/\/osrodekpietrowice.pl\/wp-content\/uploads\/2016\/03\/POLE-NAMIOTOWE-1.jpg\" data-orig-size=\"3872,2592\" data-comments-opened=\"\" data-image-meta=\"{&quot;aperture&quot;:&quot;10&quot;,&quot;credit&quot;:&quot;&quot;,&quot;camera&quot;:&quot;DSLR-A200&quot;,&quot;caption&quot;:&quot;SONY DSC&quot;,&quot;created_timestamp&quot;:&quot;1405869224&quot;,&quot;copyright&quot;:&quot;&quot;,&quot;focal_length&quot;:&quot;35&quot;,&quot;iso&quot;:&quot;100&quot;,&quot;shutter_speed&quot;:&quot;0.0125&quot;,&quot;title&quot;:&quot;SONY DSC&quot;,&quot;orientation&quot;:&quot;1&quot;}\" data-image-title=\"SONY DSC\" data-image-description=\"\" data-medium-file=\"https:\/\/osrodekpietrowice.pl\/wp-content\/uploads\/2016\/03\/POLE-NAMIOTOWE-1-300x201.jpg\" data-large-file=\"https:\/\/osrodekpietrowice.pl\/wp-content\/uploads\/2016\/03\/POLE-NAMIOTOWE-1-1024x685.jpg\" src=\"https:\/\/i0.wp.com\/osrodekpietrowice.pl\/wp-content\/uploads\/2016\/03\/POLE-NAMIOTOWE-1.jpg?w=430&#038;h=288&#038;ssl=1\" width=\"430\" height=\"288\" data-original-width=\"430\" data-original-height=\"288\" itemprop=\"http:\/\/schema.org\/image\" title=\"SONY DSC\" alt=\"SONY DSC\" style=\"width: 430px; height: 288px;\" \/> <\/a> <\/div> <\/div> <!-- close group --> <\/div> <!-- close row --> <div class=\"gallery-row\" style=\"width: 690px; height: 196px;\" data-original-width=\"690\" data-original-height=\"196\" > <div class=\"gallery-group images-1\" style=\"width: 345px; height: 196px;\" data-original-width=\"345\" data-original-height=\"196\" > <div class=\"tiled-gallery-item tiled-gallery-item-large\" itemprop=\"associatedMedia\" itemscope itemtype=\"http:\/\/schema.org\/ImageObject\"> <a href=\"https:\/\/i1.wp.com\/osrodekpietrowice.pl\/wp-content\/uploads\/2016\/03\/POLE-NAMIOTOWE-3.jpg?ssl=1\" border=\"0\" itemprop=\"url\"> <meta itemprop=\"width\" content=\"341\"> <meta itemprop=\"height\" content=\"192\"> <img data-attachment-id=\"290\" data-orig-file=\"https:\/\/osrodekpietrowice.pl\/wp-content\/uploads\/2016\/03\/POLE-NAMIOTOWE-3.jpg\" data-orig-size=\"4128,2322\" data-comments-opened=\"\" data-image-meta=\"{&quot;aperture&quot;:&quot;2.2&quot;,&quot;credit&quot;:&quot;&quot;,&quot;camera&quot;:&quot;GT-I9505&quot;,&quot;caption&quot;:&quot;&quot;,&quot;created_timestamp&quot;:&quot;1445942342&quot;,&quot;copyright&quot;:&quot;&quot;,&quot;focal_length&quot;:&quot;4.2&quot;,&quot;iso&quot;:&quot;50&quot;,&quot;shutter_speed&quot;:&quot;0.0019230769230769&quot;,&quot;title&quot;:&quot;&quot;,&quot;orientation&quot;:&quot;1&quot;}\" data-image-title=\"POLE NAMIOTOWE (3)\" data-image-description=\"\" data-medium-file=\"https:\/\/osrodekpietrowice.pl\/wp-content\/uploads\/2016\/03\/POLE-NAMIOTOWE-3-300x169.jpg\" data-large-file=\"https:\/\/osrodekpietrowice.pl\/wp-content\/uploads\/2016\/03\/POLE-NAMIOTOWE-3-1024x576.jpg\" src=\"https:\/\/i1.wp.com\/osrodekpietrowice.pl\/wp-content\/uploads\/2016\/03\/POLE-NAMIOTOWE-3.jpg?w=341&#038;h=192&#038;ssl=1\" width=\"341\" height=\"192\" data-original-width=\"341\" data-original-height=\"192\" itemprop=\"http:\/\/schema.org\/image\" title=\"POLE NAMIOTOWE (3)\" alt=\"POLE NAMIOTOWE (3)\" style=\"width: 341px; height: 192px;\" \/> <\/a> <\/div> <\/div> <!-- close group --> <div class=\"gallery-group images-1\" style=\"width: 345px; height: 196px;\" data-original-width=\"345\" data-original-height=\"196\" > <div class=\"tiled-gallery-item tiled-gallery-item-large\" itemprop=\"associatedMedia\" itemscope itemtype=\"http:\/\/schema.org\/ImageObject\"> <a href=\"https:\/\/i0.wp.com\/osrodekpietrowice.pl\/wp-content\/uploads\/2016\/03\/POLE-NAMIOTOWE-4.jpg?ssl=1\" border=\"0\" itemprop=\"url\"> <meta itemprop=\"width\" content=\"341\"> <meta itemprop=\"height\" content=\"192\"> <img data-attachment-id=\"291\" data-orig-file=\"https:\/\/osrodekpietrowice.pl\/wp-content\/uploads\/2016\/03\/POLE-NAMIOTOWE-4.jpg\" data-orig-size=\"4128,2322\" data-comments-opened=\"\" data-image-meta=\"{&quot;aperture&quot;:&quot;2.2&quot;,&quot;credit&quot;:&quot;&quot;,&quot;camera&quot;:&quot;GT-I9505&quot;,&quot;caption&quot;:&quot;&quot;,&quot;created_timestamp&quot;:&quot;1445942461&quot;,&quot;copyright&quot;:&quot;&quot;,&quot;focal_length&quot;:&quot;4.2&quot;,&quot;iso&quot;:&quot;50&quot;,&quot;shutter_speed&quot;:&quot;0.0012626262626263&quot;,&quot;title&quot;:&quot;&quot;,&quot;orientation&quot;:&quot;1&quot;}\" data-image-title=\"POLE NAMIOTOWE (4)\" data-image-description=\"\" data-medium-file=\"https:\/\/osrodekpietrowice.pl\/wp-content\/uploads\/2016\/03\/POLE-NAMIOTOWE-4-300x169.jpg\" data-large-file=\"https:\/\/osrodekpietrowice.pl\/wp-content\/uploads\/2016\/03\/POLE-NAMIOTOWE-4-1024x576.jpg\" src=\"https:\/\/i0.wp.com\/osrodekpietrowice.pl\/wp-content\/uploads\/2016\/03\/POLE-NAMIOTOWE-4.jpg?w=341&#038;h=192&#038;ssl=1\" width=\"341\" height=\"192\" data-original-width=\"341\" data-original-height=\"192\" itemprop=\"http:\/\/schema.org\/image\" title=\"POLE NAMIOTOWE (4)\" alt=\"POLE NAMIOTOWE (4)\" style=\"width: 341px; height: 192px;\" \/> <\/a> <\/div> <\/div> <!-- close group --> <\/div> <!-- close row --> <div class=\"gallery-row\" style=\"width: 690px; height: 196px;\" data-original-width=\"690\" data-original-height=\"196\" > <div class=\"gallery-group images-1\" style=\"width: 345px; height: 196px;\" data-original-width=\"345\" data-original-height=\"196\" > <div class=\"tiled-gallery-item tiled-gallery-item-large\" itemprop=\"associatedMedia\" itemscope itemtype=\"http:\/\/schema.org\/ImageObject\"> <a href=\"https:\/\/i1.wp.com\/osrodekpietrowice.pl\/wp-content\/uploads\/2016\/03\/POLE-NAMIOTOWE-5.jpg?ssl=1\" border=\"0\" itemprop=\"url\"> <meta itemprop=\"width\" content=\"341\"> <meta itemprop=\"height\" content=\"192\"> <img data-attachment-id=\"292\" data-orig-file=\"https:\/\/osrodekpietrowice.pl\/wp-content\/uploads\/2016\/03\/POLE-NAMIOTOWE-5.jpg\" data-orig-size=\"4128,2322\" data-comments-opened=\"\" data-image-meta=\"{&quot;aperture&quot;:&quot;2.2&quot;,&quot;credit&quot;:&quot;&quot;,&quot;camera&quot;:&quot;GT-I9505&quot;,&quot;caption&quot;:&quot;&quot;,&quot;created_timestamp&quot;:&quot;1445943889&quot;,&quot;copyright&quot;:&quot;&quot;,&quot;focal_length&quot;:&quot;4.2&quot;,&quot;iso&quot;:&quot;50&quot;,&quot;shutter_speed&quot;:&quot;0.0021052631578947&quot;,&quot;title&quot;:&quot;&quot;,&quot;orientation&quot;:&quot;1&quot;}\" data-image-title=\"POLE NAMIOTOWE (5)\" data-image-description=\"\" data-medium-file=\"https:\/\/osrodekpietrowice.pl\/wp-content\/uploads\/2016\/03\/POLE-NAMIOTOWE-5-300x169.jpg\" data-large-file=\"https:\/\/osrodekpietrowice.pl\/wp-content\/uploads\/2016\/03\/POLE-NAMIOTOWE-5-1024x576.jpg\" src=\"https:\/\/i1.wp.com\/osrodekpietrowice.pl\/wp-content\/uploads\/2016\/03\/POLE-NAMIOTOWE-5.jpg?w=341&#038;h=192&#038;ssl=1\" width=\"341\" height=\"192\" data-original-width=\"341\" data-original-height=\"192\" itemprop=\"http:\/\/schema.org\/image\" title=\"POLE NAMIOTOWE (5)\" alt=\"POLE NAMIOTOWE (5)\" style=\"width: 341px; height: 192px;\" \/> <\/a> <\/div> <\/div> <!-- close group --> <div class=\"gallery-group images-1\" style=\"width: 345px; height: 196px;\" data-original-width=\"345\" data-original-height=\"196\" > <div class=\"tiled-gallery-item tiled-gallery-item-large\" itemprop=\"associatedMedia\" itemscope itemtype=\"http:\/\/schema.org\/ImageObject\"> <a href=\"https:\/\/i1.wp.com\/osrodekpietrowice.pl\/wp-content\/uploads\/2016\/03\/POLE-NAMIOTOWE-6.jpg?ssl=1\" border=\"0\" itemprop=\"url\"> <meta itemprop=\"width\" content=\"341\"> <meta itemprop=\"height\" content=\"192\"> <img data-attachment-id=\"293\" data-orig-file=\"https:\/\/osrodekpietrowice.pl\/wp-content\/uploads\/2016\/03\/POLE-NAMIOTOWE-6.jpg\" data-orig-size=\"4128,2322\" data-comments-opened=\"\" data-image-meta=\"{&quot;aperture&quot;:&quot;2.2&quot;,&quot;credit&quot;:&quot;&quot;,&quot;camera&quot;:&quot;GT-I9505&quot;,&quot;caption&quot;:&quot;&quot;,&quot;created_timestamp&quot;:&quot;1445944163&quot;,&quot;copyright&quot;:&quot;&quot;,&quot;focal_length&quot;:&quot;4.2&quot;,&quot;iso&quot;:&quot;50&quot;,&quot;shutter_speed&quot;:&quot;0.0014925373134328&quot;,&quot;title&quot;:&quot;&quot;,&quot;orientation&quot;:&quot;1&quot;}\" data-image-title=\"POLE NAMIOTOWE (6)\" data-image-description=\"\" data-medium-file=\"https:\/\/osrodekpietrowice.pl\/wp-content\/uploads\/2016\/03\/POLE-NAMIOTOWE-6-300x169.jpg\" data-large-file=\"https:\/\/osrodekpietrowice.pl\/wp-content\/uploads\/2016\/03\/POLE-NAMIOTOWE-6-1024x576.jpg\" src=\"https:\/\/i1.wp.com\/osrodekpietrowice.pl\/wp-content\/uploads\/2016\/03\/POLE-NAMIOTOWE-6.jpg?w=341&#038;h=192&#038;ssl=1\" width=\"341\" height=\"192\" data-original-width=\"341\" data-original-height=\"192\" itemprop=\"http:\/\/schema.org\/image\" title=\"POLE NAMIOTOWE (6)\" alt=\"POLE NAMIOTOWE (6)\" style=\"width: 341px; height: 192px;\" \/> <\/a> <\/div> <\/div> <!-- close group --> <\/div> <!-- close row --> <div class=\"gallery-row\" style=\"width: 690px; height: 390px;\" data-original-width=\"690\" data-original-height=\"390\" > <div class=\"gallery-group images-1\" style=\"width: 690px; height: 390px;\" data-original-width=\"690\" data-original-height=\"390\" > <div class=\"tiled-gallery-item tiled-gallery-item-large\" itemprop=\"associatedMedia\" itemscope itemtype=\"http:\/\/schema.org\/ImageObject\"> <a href=\"https:\/\/i2.wp.com\/osrodekpietrowice.pl\/wp-content\/uploads\/2016\/07\/MG_4549.jpg?ssl=1\" border=\"0\" itemprop=\"url\"> <meta itemprop=\"width\" content=\"686\"> <meta itemprop=\"height\" content=\"386\"> <img data-attachment-id=\"320\" data-orig-file=\"https:\/\/osrodekpietrowice.pl\/wp-content\/uploads\/2016\/07\/MG_4549.jpg\" data-orig-size=\"1920,1080\" data-comments-opened=\"\" data-image-meta=\"{&quot;aperture&quot;:&quot;0&quot;,&quot;credit&quot;:&quot;&quot;,&quot;camera&quot;:&quot;&quot;,&quot;caption&quot;:&quot;&quot;,&quot;created_timestamp&quot;:&quot;0&quot;,&quot;copyright&quot;:&quot;&quot;,&quot;focal_length&quot;:&quot;0&quot;,&quot;iso&quot;:&quot;0&quot;,&quot;shutter_speed&quot;:&quot;0&quot;,&quot;title&quot;:&quot;&quot;,&quot;orientation&quot;:&quot;0&quot;}\" data-image-title=\"__MG_4549\" data-image-description=\"\" data-medium-file=\"https:\/\/osrodekpietrowice.pl\/wp-content\/uploads\/2016\/07\/MG_4549-300x169.jpg\" data-large-file=\"https:\/\/osrodekpietrowice.pl\/wp-content\/uploads\/2016\/07\/MG_4549-1024x576.jpg\" src=\"https:\/\/i2.wp.com\/osrodekpietrowice.pl\/wp-content\/uploads\/2016\/07\/MG_4549.jpg?w=686&#038;h=386&#038;ssl=1\" width=\"686\" height=\"386\" data-original-width=\"686\" data-original-height=\"386\" itemprop=\"http:\/\/schema.org\/image\" title=\"__MG_4549\" alt=\"__MG_4549\" style=\"width: 686px; height: 386px;\" \/> <\/a> <\/div> <\/div> <!-- close group --> <\/div> <!-- close row --> <\/div>\n","protected":false},"excerpt":{"rendered":"<p>Camping dysponuje trawiastym polem namiotowym w du\u017cej mierze zadrzewionym, sanitariatami i kuchni\u0105 turystyczn\u0105.<\/p>\n","protected":false},"author":1,"featured_media":23,"parent":0,"menu_order":0,"comment_status":"closed","ping_status":"closed","template":"","meta":{"spay_email":""},"jetpack_sharing_enabled":true,"jetpack-related-posts":[],"_links":{"self":[{"href":"https:\/\/osrodekpietrowice.pl\/index.php?rest_route=\/wp\/v2\/pages\/36"}],"collection":[{"href":"https:\/\/osrodekpietrowice.pl\/index.php?rest_route=\/wp\/v2\/pages"}],"about":[{"href":"https:\/\/osrodekpietrowice.pl\/index.php?rest_route=\/wp\/v2\/types\/page"}],"author":[{"embeddable":true,"href":"https:\/\/osrodekpietrowice.pl\/index.php?rest_route=\/wp\/v2\/users\/1"}],"replies":[{"embeddable":true,"href":"https:\/\/osrodekpietrowice.pl\/index.php?rest_route=%2Fwp%2Fv2%2Fcomments&post=36"}],"version-history":[{"count":7,"href":"https:\/\/osrodekpietrowice.pl\/index.php?rest_route=\/wp\/v2\/pages\/36\/revisions"}],"predecessor-version":[{"id":373,"href":"https:\/\/osrodekpietrowice.pl\/index.php?rest_route=\/wp\/v2\/pages\/36\/revisions\/373"}],"wp:featuredmedia":[{"embeddable":true,"href":"https:\/\/osrodekpietrowice.pl\/index.php?rest_route=\/wp\/v2\/media\/23"}],"wp:attachment":[{"href":"https:\/\/osrodekpietrowice.pl\/index.php?rest_route=%2Fwp%2Fv2%2Fmedia&parent=36"}],"curies":[{"name":"wp","href":"https:\/\/api.w.org\/{rel}","templated":true}]}}