{"id":164,"date":"2016-03-31T10:18:01","date_gmt":"2016-03-31T10:18:01","guid":{"rendered":"http:\/\/osrodekpietrowice.pl\/?page_id=164"},"modified":"2016-07-19T11:46:23","modified_gmt":"2016-07-19T10:46:23","slug":"wedkowanie","status":"publish","type":"page","link":"https:\/\/osrodekpietrowice.pl\/?page_id=164","title":{"rendered":"W\u0119dkowanie"},"content":{"rendered":"<h5>O\u015brodek zajmuje powierzchni\u0119 12 ha, z czego 3,22 to dwa zbiorniki wodne, z kt\u00f3rych jeden pe\u0142ni rol\u0119 strze\u017conego k\u0105pieliska z piaszczyst\u0105 pla\u017c\u0105 dla dzieci. Dodatkow\u0105 atrakcj\u0119 stanowi mo\u017cliwo\u015b\u0107 p\u0142ywania rowerami wodnymi.<\/h5>\n<p>Natomiast drugi zbiornik, po\u0142o\u017cony jest w bezpo\u015brednim s\u0105siedztwie lasu i stanowi wymarzone miejsce dla amator\u00f3w w\u0119dkarstwa. Cisza, spok\u00f3j, ustronne zakola brzegu z pewno\u015bci\u0105 b\u0119d\u0105 atrakcj\u0105 dla poszukuj\u0105cych wyciszenia nad wod\u0105.<\/p>\n","protected":false},"excerpt":{"rendered":"<p>Drugi zbiornik znajduj\u0105cy si\u0119 na terenie O\u015brodka, po\u0142o\u017cony jest w bezpo\u015brednim s\u0105siedztwie lasu i stanowi wymarzone miejsce dla amator\u00f3w w\u0119dkarstwa. Cisza, spok\u00f3j, ustronne zakola brzegu z pewno\u015bci\u0105 b\u0119d\u0105 atrakcj\u0105 dla poszukuj\u0105cych wyciszenia nad wod\u0105.<\/p>\n","protected":false},"author":1,"featured_media":306,"parent":0,"menu_order":0,"comment_status":"closed","ping_status":"closed","template":"","meta":{"spay_email":""},"jetpack_sharing_enabled":true,"jetpack-related-posts":[],"_links":{"self":[{"href":"https:\/\/osrodekpietrowice.pl\/index.php?rest_route=\/wp\/v2\/pages\/164"}],"collection":[{"href":"https:\/\/osrodekpietrowice.pl\/index.php?rest_route=\/wp\/v2\/pages"}],"about":[{"href":"https:\/\/osrodekpietrowice.pl\/index.php?rest_route=\/wp\/v2\/types\/page"}],"author":[{"embeddable":true,"href":"https:\/\/osrodekpietrowice.pl\/index.php?rest_route=\/wp\/v2\/users\/1"}],"replies":[{"embeddable":true,"href":"https:\/\/osrodekpietrowice.pl\/index.php?rest_route=%2Fwp%2Fv2%2Fcomments&post=164"}],"version-history":[{"count":3,"href":"https:\/\/osrodekpietrowice.pl\/index.php?rest_route=\/wp\/v2\/pages\/164\/revisions"}],"predecessor-version":[{"id":302,"href":"https:\/\/osrodekpietrowice.pl\/index.php?rest_route=\/wp\/v2\/pages\/164\/revisions\/302"}],"wp:featuredmedia":[{"embeddable":true,"href":"https:\/\/osrodekpietrowice.pl\/index.php?rest_route=\/wp\/v2\/media\/306"}],"wp:attachment":[{"href":"https:\/\/osrodekpietrowice.pl\/index.php?rest_route=%2Fwp%2Fv2%2Fmedia&parent=164"}],"curies":[{"name":"wp","href":"https:\/\/api.w.org\/{rel}","templated":true}]}}