{"id":18,"date":"2016-03-22T22:40:08","date_gmt":"2016-03-22T22:40:08","guid":{"rendered":"http:\/\/osrodekpietrowice.pl\/?page_id=18"},"modified":"2016-06-30T20:55:28","modified_gmt":"2016-06-30T19:55:28","slug":"kapielisko","status":"publish","type":"page","link":"http:\/\/osrodekpietrowice.pl\/?page_id=18","title":{"rendered":"K\u0105pielisko"},"content":{"rendered":"<h5>K\u0105pielisko O\u015brodka Wypoczynkowego Pietrowice jest k\u0105pieliskiem strze\u017conym, czynnym codziennie w okresie wakacyjnym w godz. 10-18. Zlokalizowane jest na lewym brzegu zbiornika zaporowego. D\u0142ugo\u015b\u0107 linii brzegowej to 150\u00a0m, maksymalna g\u0142\u0119boko\u015b\u0107 w strefie p\u0142ywania 2,0 m, wi\u0119ksza g\u0142\u0119boko\u015b\u0107 ok. 4,5 m jedynie pod skoczni\u0105 w miejscu dodatkowo oznaczonym.<\/h5>\n<p>K\u0105pielisko wyposa\u017cone jest w 3 stopniow\u0105 wie\u017c\u0119 do skok\u00f3w, 25 metrow\u0105 \u015blizgawk\u0119, 2 mniejsze \u015blizgawki dla dzieci, brodzik z piaszczyst\u0105 pla\u017c\u0105, 2 pomosty.<\/p>\n<p>K\u0105pielisko jest pod sta\u0142\u0105 kontrol\u0105 Powiatowej Stacji Sanitarno-Epidemiologicznej w G\u0142ubczycach. W trakcie sezonu woda w k\u0105pielisku jest regularnie badana. Na podstawie wynik\u00f3w z tych bada\u0144 SANEPID wydaje sezonow\u0105 i czteroletni\u0105 ocen\u0119 jako\u015bci wody.<\/p>\n<p>W sezonie letnim woda w k\u0105pielisku O\u015brodka Wypoczynkowego Pietrowice po raz kolejny otrzyma\u0142a ocen\u0119 \u201edoskona\u0142\u0105\u201d.<\/p>\n<div class=\"tiled-gallery type-rectangular tiled-gallery-unresized\" data-original-width=\"690\" data-carousel-extra='null' itemscope itemtype=\"http:\/\/schema.org\/ImageGallery\" > <div class=\"gallery-row\" style=\"width: 690px; height: 196px;\" data-original-width=\"690\" data-original-height=\"196\" > <div class=\"gallery-group images-1\" style=\"width: 345px; height: 196px;\" data-original-width=\"345\" data-original-height=\"196\" > <div class=\"tiled-gallery-item tiled-gallery-item-large\" itemprop=\"associatedMedia\" itemscope itemtype=\"http:\/\/schema.org\/ImageObject\"> <a href=\"https:\/\/i1.wp.com\/osrodekpietrowice.pl\/wp-content\/uploads\/2016\/03\/Kapielisko-11.jpg\" border=\"0\" itemprop=\"url\"> <meta itemprop=\"width\" content=\"341\"> <meta itemprop=\"height\" content=\"192\"> <img data-attachment-id=\"275\" data-orig-file=\"http:\/\/osrodekpietrowice.pl\/wp-content\/uploads\/2016\/03\/Kapielisko-11.jpg\" data-orig-size=\"1920,1080\" data-comments-opened=\"\" data-image-meta=\"{&quot;aperture&quot;:&quot;3.3&quot;,&quot;credit&quot;:&quot;&quot;,&quot;camera&quot;:&quot;COOLPIX P610&quot;,&quot;caption&quot;:&quot;&quot;,&quot;created_timestamp&quot;:&quot;1438249428&quot;,&quot;copyright&quot;:&quot;&quot;,&quot;focal_length&quot;:&quot;4.3&quot;,&quot;iso&quot;:&quot;100&quot;,&quot;shutter_speed&quot;:&quot;0.001&quot;,&quot;title&quot;:&quot;&quot;,&quot;orientation&quot;:&quot;1&quot;}\" data-image-title=\"Kapielisko (11)\" data-image-description=\"\" data-medium-file=\"http:\/\/osrodekpietrowice.pl\/wp-content\/uploads\/2016\/03\/Kapielisko-11-300x169.jpg\" data-large-file=\"http:\/\/osrodekpietrowice.pl\/wp-content\/uploads\/2016\/03\/Kapielisko-11-1024x576.jpg\" src=\"https:\/\/i1.wp.com\/osrodekpietrowice.pl\/wp-content\/uploads\/2016\/03\/Kapielisko-11.jpg?w=341&#038;h=192\" width=\"341\" height=\"192\" data-original-width=\"341\" data-original-height=\"192\" itemprop=\"http:\/\/schema.org\/image\" title=\"Kapielisko (11)\" alt=\"Kapielisko (11)\" style=\"width: 341px; height: 192px;\" \/> <\/a> <\/div> <\/div> <!-- close group --> <div class=\"gallery-group images-1\" style=\"width: 345px; height: 196px;\" data-original-width=\"345\" data-original-height=\"196\" > <div class=\"tiled-gallery-item tiled-gallery-item-large\" itemprop=\"associatedMedia\" itemscope itemtype=\"http:\/\/schema.org\/ImageObject\"> <a href=\"https:\/\/i1.wp.com\/osrodekpietrowice.pl\/wp-content\/uploads\/2016\/03\/Kapielisko-10.jpg\" border=\"0\" itemprop=\"url\"> <meta itemprop=\"width\" content=\"341\"> <meta itemprop=\"height\" content=\"192\"> <img data-attachment-id=\"274\" data-orig-file=\"http:\/\/osrodekpietrowice.pl\/wp-content\/uploads\/2016\/03\/Kapielisko-10.jpg\" data-orig-size=\"1920,1080\" data-comments-opened=\"\" data-image-meta=\"{&quot;aperture&quot;:&quot;10&quot;,&quot;credit&quot;:&quot;&quot;,&quot;camera&quot;:&quot;DSLR-A200&quot;,&quot;caption&quot;:&quot;SONY DSC&quot;,&quot;created_timestamp&quot;:&quot;1405869128&quot;,&quot;copyright&quot;:&quot;&quot;,&quot;focal_length&quot;:&quot;18&quot;,&quot;iso&quot;:&quot;100&quot;,&quot;shutter_speed&quot;:&quot;0.004&quot;,&quot;title&quot;:&quot;SONY DSC&quot;,&quot;orientation&quot;:&quot;1&quot;}\" data-image-title=\"SONY DSC\" data-image-description=\"\" data-medium-file=\"http:\/\/osrodekpietrowice.pl\/wp-content\/uploads\/2016\/03\/Kapielisko-10-300x169.jpg\" data-large-file=\"http:\/\/osrodekpietrowice.pl\/wp-content\/uploads\/2016\/03\/Kapielisko-10-1024x576.jpg\" src=\"https:\/\/i1.wp.com\/osrodekpietrowice.pl\/wp-content\/uploads\/2016\/03\/Kapielisko-10.jpg?w=341&#038;h=192\" width=\"341\" height=\"192\" data-original-width=\"341\" data-original-height=\"192\" itemprop=\"http:\/\/schema.org\/image\" title=\"SONY DSC\" alt=\"SONY DSC\" style=\"width: 341px; height: 192px;\" \/> <\/a> <\/div> <\/div> <!-- close group --> <\/div> <!-- close row --> <div class=\"gallery-row\" style=\"width: 690px; height: 196px;\" data-original-width=\"690\" data-original-height=\"196\" > <div class=\"gallery-group images-1\" style=\"width: 345px; height: 196px;\" data-original-width=\"345\" data-original-height=\"196\" > <div class=\"tiled-gallery-item tiled-gallery-item-large\" itemprop=\"associatedMedia\" itemscope itemtype=\"http:\/\/schema.org\/ImageObject\"> <a href=\"https:\/\/i0.wp.com\/osrodekpietrowice.pl\/wp-content\/uploads\/2016\/03\/Kapielisko-9.jpg\" border=\"0\" itemprop=\"url\"> <meta itemprop=\"width\" content=\"341\"> <meta itemprop=\"height\" content=\"192\"> <img data-attachment-id=\"273\" data-orig-file=\"http:\/\/osrodekpietrowice.pl\/wp-content\/uploads\/2016\/03\/Kapielisko-9.jpg\" data-orig-size=\"1920,1080\" data-comments-opened=\"\" data-image-meta=\"{&quot;aperture&quot;:&quot;9&quot;,&quot;credit&quot;:&quot;&quot;,&quot;camera&quot;:&quot;DSLR-A200&quot;,&quot;caption&quot;:&quot;SONY DSC&quot;,&quot;created_timestamp&quot;:&quot;1405870665&quot;,&quot;copyright&quot;:&quot;&quot;,&quot;focal_length&quot;:&quot;50&quot;,&quot;iso&quot;:&quot;100&quot;,&quot;shutter_speed&quot;:&quot;0.01&quot;,&quot;title&quot;:&quot;SONY DSC&quot;,&quot;orientation&quot;:&quot;1&quot;}\" data-image-title=\"SONY DSC\" data-image-description=\"\" data-medium-file=\"http:\/\/osrodekpietrowice.pl\/wp-content\/uploads\/2016\/03\/Kapielisko-9-300x169.jpg\" data-large-file=\"http:\/\/osrodekpietrowice.pl\/wp-content\/uploads\/2016\/03\/Kapielisko-9-1024x576.jpg\" src=\"https:\/\/i0.wp.com\/osrodekpietrowice.pl\/wp-content\/uploads\/2016\/03\/Kapielisko-9.jpg?w=341&#038;h=192\" width=\"341\" height=\"192\" data-original-width=\"341\" data-original-height=\"192\" itemprop=\"http:\/\/schema.org\/image\" title=\"SONY DSC\" alt=\"SONY DSC\" style=\"width: 341px; height: 192px;\" \/> <\/a> <\/div> <\/div> <!-- close group --> <div class=\"gallery-group images-1\" style=\"width: 345px; height: 196px;\" data-original-width=\"345\" data-original-height=\"196\" > <div class=\"tiled-gallery-item tiled-gallery-item-large\" itemprop=\"associatedMedia\" itemscope itemtype=\"http:\/\/schema.org\/ImageObject\"> <a href=\"https:\/\/i1.wp.com\/osrodekpietrowice.pl\/wp-content\/uploads\/2016\/03\/Kapielisko-8.jpg\" border=\"0\" itemprop=\"url\"> <meta itemprop=\"width\" content=\"341\"> <meta itemprop=\"height\" content=\"192\"> <img data-attachment-id=\"272\" data-orig-file=\"http:\/\/osrodekpietrowice.pl\/wp-content\/uploads\/2016\/03\/Kapielisko-8.jpg\" data-orig-size=\"1920,1080\" data-comments-opened=\"\" data-image-meta=\"{&quot;aperture&quot;:&quot;10&quot;,&quot;credit&quot;:&quot;&quot;,&quot;camera&quot;:&quot;DSLR-A200&quot;,&quot;caption&quot;:&quot;SONY DSC&quot;,&quot;created_timestamp&quot;:&quot;1405869137&quot;,&quot;copyright&quot;:&quot;&quot;,&quot;focal_length&quot;:&quot;18&quot;,&quot;iso&quot;:&quot;100&quot;,&quot;shutter_speed&quot;:&quot;0.004&quot;,&quot;title&quot;:&quot;SONY DSC&quot;,&quot;orientation&quot;:&quot;1&quot;}\" data-image-title=\"SONY DSC\" data-image-description=\"\" data-medium-file=\"http:\/\/osrodekpietrowice.pl\/wp-content\/uploads\/2016\/03\/Kapielisko-8-300x169.jpg\" data-large-file=\"http:\/\/osrodekpietrowice.pl\/wp-content\/uploads\/2016\/03\/Kapielisko-8-1024x576.jpg\" src=\"https:\/\/i1.wp.com\/osrodekpietrowice.pl\/wp-content\/uploads\/2016\/03\/Kapielisko-8.jpg?w=341&#038;h=192\" width=\"341\" height=\"192\" data-original-width=\"341\" data-original-height=\"192\" itemprop=\"http:\/\/schema.org\/image\" title=\"SONY DSC\" alt=\"SONY DSC\" style=\"width: 341px; height: 192px;\" \/> <\/a> <\/div> <\/div> <!-- close group --> <\/div> <!-- close row --> <div class=\"gallery-row\" style=\"width: 690px; height: 196px;\" data-original-width=\"690\" data-original-height=\"196\" > <div class=\"gallery-group images-1\" style=\"width: 345px; height: 196px;\" data-original-width=\"345\" data-original-height=\"196\" > <div class=\"tiled-gallery-item tiled-gallery-item-large\" itemprop=\"associatedMedia\" itemscope itemtype=\"http:\/\/schema.org\/ImageObject\"> <a href=\"https:\/\/i2.wp.com\/osrodekpietrowice.pl\/wp-content\/uploads\/2016\/03\/Kapielisko-7.jpg\" border=\"0\" itemprop=\"url\"> <meta itemprop=\"width\" content=\"341\"> <meta itemprop=\"height\" content=\"192\"> <img data-attachment-id=\"271\" data-orig-file=\"http:\/\/osrodekpietrowice.pl\/wp-content\/uploads\/2016\/03\/Kapielisko-7.jpg\" data-orig-size=\"1920,1080\" data-comments-opened=\"\" data-image-meta=\"{&quot;aperture&quot;:&quot;10&quot;,&quot;credit&quot;:&quot;&quot;,&quot;camera&quot;:&quot;DSLR-A200&quot;,&quot;caption&quot;:&quot;SONY DSC&quot;,&quot;created_timestamp&quot;:&quot;1405869064&quot;,&quot;copyright&quot;:&quot;&quot;,&quot;focal_length&quot;:&quot;18&quot;,&quot;iso&quot;:&quot;100&quot;,&quot;shutter_speed&quot;:&quot;0.00625&quot;,&quot;title&quot;:&quot;SONY DSC&quot;,&quot;orientation&quot;:&quot;1&quot;}\" data-image-title=\"SONY DSC\" data-image-description=\"\" data-medium-file=\"http:\/\/osrodekpietrowice.pl\/wp-content\/uploads\/2016\/03\/Kapielisko-7-300x169.jpg\" data-large-file=\"http:\/\/osrodekpietrowice.pl\/wp-content\/uploads\/2016\/03\/Kapielisko-7-1024x576.jpg\" src=\"https:\/\/i2.wp.com\/osrodekpietrowice.pl\/wp-content\/uploads\/2016\/03\/Kapielisko-7.jpg?w=341&#038;h=192\" width=\"341\" height=\"192\" data-original-width=\"341\" data-original-height=\"192\" itemprop=\"http:\/\/schema.org\/image\" title=\"SONY DSC\" alt=\"SONY DSC\" style=\"width: 341px; height: 192px;\" \/> <\/a> <\/div> <\/div> <!-- close group --> <div class=\"gallery-group images-1\" style=\"width: 345px; height: 196px;\" data-original-width=\"345\" data-original-height=\"196\" > <div class=\"tiled-gallery-item tiled-gallery-item-large\" itemprop=\"associatedMedia\" itemscope itemtype=\"http:\/\/schema.org\/ImageObject\"> <a href=\"https:\/\/i0.wp.com\/osrodekpietrowice.pl\/wp-content\/uploads\/2016\/03\/Kapielisko-6.jpg\" border=\"0\" itemprop=\"url\"> <meta itemprop=\"width\" content=\"341\"> <meta itemprop=\"height\" content=\"192\"> <img data-attachment-id=\"270\" data-orig-file=\"http:\/\/osrodekpietrowice.pl\/wp-content\/uploads\/2016\/03\/Kapielisko-6.jpg\" data-orig-size=\"1920,1080\" data-comments-opened=\"\" data-image-meta=\"{&quot;aperture&quot;:&quot;10&quot;,&quot;credit&quot;:&quot;&quot;,&quot;camera&quot;:&quot;DSLR-A200&quot;,&quot;caption&quot;:&quot;SONY DSC&quot;,&quot;created_timestamp&quot;:&quot;1405869045&quot;,&quot;copyright&quot;:&quot;&quot;,&quot;focal_length&quot;:&quot;24&quot;,&quot;iso&quot;:&quot;100&quot;,&quot;shutter_speed&quot;:&quot;0.008&quot;,&quot;title&quot;:&quot;SONY DSC&quot;,&quot;orientation&quot;:&quot;1&quot;}\" data-image-title=\"SONY DSC\" data-image-description=\"\" data-medium-file=\"http:\/\/osrodekpietrowice.pl\/wp-content\/uploads\/2016\/03\/Kapielisko-6-300x169.jpg\" data-large-file=\"http:\/\/osrodekpietrowice.pl\/wp-content\/uploads\/2016\/03\/Kapielisko-6-1024x576.jpg\" src=\"https:\/\/i0.wp.com\/osrodekpietrowice.pl\/wp-content\/uploads\/2016\/03\/Kapielisko-6.jpg?w=341&#038;h=192\" width=\"341\" height=\"192\" data-original-width=\"341\" data-original-height=\"192\" itemprop=\"http:\/\/schema.org\/image\" title=\"SONY DSC\" alt=\"SONY DSC\" style=\"width: 341px; height: 192px;\" \/> <\/a> <\/div> <\/div> <!-- close group --> <\/div> <!-- close row --> <div class=\"gallery-row\" style=\"width: 690px; height: 196px;\" data-original-width=\"690\" data-original-height=\"196\" > <div class=\"gallery-group images-1\" style=\"width: 345px; height: 196px;\" data-original-width=\"345\" data-original-height=\"196\" > <div class=\"tiled-gallery-item tiled-gallery-item-large\" itemprop=\"associatedMedia\" itemscope itemtype=\"http:\/\/schema.org\/ImageObject\"> <a href=\"https:\/\/i2.wp.com\/osrodekpietrowice.pl\/wp-content\/uploads\/2016\/03\/Kapielisko-5.jpg\" border=\"0\" itemprop=\"url\"> <meta itemprop=\"width\" content=\"341\"> <meta itemprop=\"height\" content=\"192\"> <img data-attachment-id=\"269\" data-orig-file=\"http:\/\/osrodekpietrowice.pl\/wp-content\/uploads\/2016\/03\/Kapielisko-5.jpg\" data-orig-size=\"1920,1080\" data-comments-opened=\"\" data-image-meta=\"{&quot;aperture&quot;:&quot;11&quot;,&quot;credit&quot;:&quot;&quot;,&quot;camera&quot;:&quot;DSLR-A200&quot;,&quot;caption&quot;:&quot;SONY DSC&quot;,&quot;created_timestamp&quot;:&quot;1405601690&quot;,&quot;copyright&quot;:&quot;&quot;,&quot;focal_length&quot;:&quot;28&quot;,&quot;iso&quot;:&quot;100&quot;,&quot;shutter_speed&quot;:&quot;0.0125&quot;,&quot;title&quot;:&quot;SONY DSC&quot;,&quot;orientation&quot;:&quot;1&quot;}\" data-image-title=\"SONY DSC\" data-image-description=\"\" data-medium-file=\"http:\/\/osrodekpietrowice.pl\/wp-content\/uploads\/2016\/03\/Kapielisko-5-300x169.jpg\" data-large-file=\"http:\/\/osrodekpietrowice.pl\/wp-content\/uploads\/2016\/03\/Kapielisko-5-1024x576.jpg\" src=\"https:\/\/i2.wp.com\/osrodekpietrowice.pl\/wp-content\/uploads\/2016\/03\/Kapielisko-5.jpg?w=341&#038;h=192\" width=\"341\" height=\"192\" data-original-width=\"341\" data-original-height=\"192\" itemprop=\"http:\/\/schema.org\/image\" title=\"SONY DSC\" alt=\"SONY DSC\" style=\"width: 341px; height: 192px;\" \/> <\/a> <\/div> <\/div> <!-- close group --> <div class=\"gallery-group images-1\" style=\"width: 345px; height: 196px;\" data-original-width=\"345\" data-original-height=\"196\" > <div class=\"tiled-gallery-item tiled-gallery-item-large\" itemprop=\"associatedMedia\" itemscope itemtype=\"http:\/\/schema.org\/ImageObject\"> <a href=\"https:\/\/i2.wp.com\/osrodekpietrowice.pl\/wp-content\/uploads\/2016\/03\/Kapielisko-4.jpg\" border=\"0\" itemprop=\"url\"> <meta itemprop=\"width\" content=\"341\"> <meta itemprop=\"height\" content=\"192\"> <img data-attachment-id=\"268\" data-orig-file=\"http:\/\/osrodekpietrowice.pl\/wp-content\/uploads\/2016\/03\/Kapielisko-4.jpg\" data-orig-size=\"1920,1080\" data-comments-opened=\"\" data-image-meta=\"{&quot;aperture&quot;:&quot;5.6&quot;,&quot;credit&quot;:&quot;Picasa&quot;,&quot;camera&quot;:&quot;NIKON D90&quot;,&quot;caption&quot;:&quot;&quot;,&quot;created_timestamp&quot;:&quot;1402243259&quot;,&quot;copyright&quot;:&quot;&quot;,&quot;focal_length&quot;:&quot;105&quot;,&quot;iso&quot;:&quot;560&quot;,&quot;shutter_speed&quot;:&quot;0.001&quot;,&quot;title&quot;:&quot;&quot;,&quot;orientation&quot;:&quot;1&quot;}\" data-image-title=\"Kapielisko (4)\" data-image-description=\"\" data-medium-file=\"http:\/\/osrodekpietrowice.pl\/wp-content\/uploads\/2016\/03\/Kapielisko-4-300x169.jpg\" data-large-file=\"http:\/\/osrodekpietrowice.pl\/wp-content\/uploads\/2016\/03\/Kapielisko-4-1024x576.jpg\" src=\"https:\/\/i2.wp.com\/osrodekpietrowice.pl\/wp-content\/uploads\/2016\/03\/Kapielisko-4.jpg?w=341&#038;h=192\" width=\"341\" height=\"192\" data-original-width=\"341\" data-original-height=\"192\" itemprop=\"http:\/\/schema.org\/image\" title=\"Kapielisko (4)\" alt=\"Kapielisko (4)\" style=\"width: 341px; height: 192px;\" \/> <\/a> <\/div> <\/div> <!-- close group --> <\/div> <!-- close row --> <div class=\"gallery-row\" style=\"width: 690px; height: 196px;\" data-original-width=\"690\" data-original-height=\"196\" > <div class=\"gallery-group images-1\" style=\"width: 345px; height: 196px;\" data-original-width=\"345\" data-original-height=\"196\" > <div class=\"tiled-gallery-item tiled-gallery-item-large\" itemprop=\"associatedMedia\" itemscope itemtype=\"http:\/\/schema.org\/ImageObject\"> <a href=\"https:\/\/i2.wp.com\/osrodekpietrowice.pl\/wp-content\/uploads\/2016\/03\/Kapielisko-3.jpg\" border=\"0\" itemprop=\"url\"> <meta itemprop=\"width\" content=\"341\"> <meta itemprop=\"height\" content=\"192\"> <img data-attachment-id=\"267\" data-orig-file=\"http:\/\/osrodekpietrowice.pl\/wp-content\/uploads\/2016\/03\/Kapielisko-3.jpg\" data-orig-size=\"1920,1080\" data-comments-opened=\"\" data-image-meta=\"{&quot;aperture&quot;:&quot;8&quot;,&quot;credit&quot;:&quot;Picasa&quot;,&quot;camera&quot;:&quot;NIKON D90&quot;,&quot;caption&quot;:&quot;&quot;,&quot;created_timestamp&quot;:&quot;1402242673&quot;,&quot;copyright&quot;:&quot;&quot;,&quot;focal_length&quot;:&quot;18&quot;,&quot;iso&quot;:&quot;200&quot;,&quot;shutter_speed&quot;:&quot;0.004&quot;,&quot;title&quot;:&quot;&quot;,&quot;orientation&quot;:&quot;1&quot;}\" data-image-title=\"Kapielisko (3)\" data-image-description=\"\" data-medium-file=\"http:\/\/osrodekpietrowice.pl\/wp-content\/uploads\/2016\/03\/Kapielisko-3-300x169.jpg\" data-large-file=\"http:\/\/osrodekpietrowice.pl\/wp-content\/uploads\/2016\/03\/Kapielisko-3-1024x576.jpg\" src=\"https:\/\/i2.wp.com\/osrodekpietrowice.pl\/wp-content\/uploads\/2016\/03\/Kapielisko-3.jpg?w=341&#038;h=192\" width=\"341\" height=\"192\" data-original-width=\"341\" data-original-height=\"192\" itemprop=\"http:\/\/schema.org\/image\" title=\"Kapielisko (3)\" alt=\"Kapielisko (3)\" style=\"width: 341px; height: 192px;\" \/> <\/a> <\/div> <\/div> <!-- close group --> <div class=\"gallery-group images-1\" style=\"width: 345px; height: 196px;\" data-original-width=\"345\" data-original-height=\"196\" > <div class=\"tiled-gallery-item tiled-gallery-item-large\" itemprop=\"associatedMedia\" itemscope itemtype=\"http:\/\/schema.org\/ImageObject\"> <a href=\"https:\/\/i1.wp.com\/osrodekpietrowice.pl\/wp-content\/uploads\/2016\/03\/Kapielisko-2.jpg\" border=\"0\" itemprop=\"url\"> <meta itemprop=\"width\" content=\"341\"> <meta itemprop=\"height\" content=\"192\"> <img data-attachment-id=\"266\" data-orig-file=\"http:\/\/osrodekpietrowice.pl\/wp-content\/uploads\/2016\/03\/Kapielisko-2.jpg\" data-orig-size=\"1920,1080\" data-comments-opened=\"\" data-image-meta=\"{&quot;aperture&quot;:&quot;6.3&quot;,&quot;credit&quot;:&quot;Picasa&quot;,&quot;camera&quot;:&quot;NIKON D90&quot;,&quot;caption&quot;:&quot;&quot;,&quot;created_timestamp&quot;:&quot;1402083487&quot;,&quot;copyright&quot;:&quot;&quot;,&quot;focal_length&quot;:&quot;25&quot;,&quot;iso&quot;:&quot;200&quot;,&quot;shutter_speed&quot;:&quot;0.025&quot;,&quot;title&quot;:&quot;&quot;,&quot;orientation&quot;:&quot;1&quot;}\" data-image-title=\"Kapielisko (2)\" data-image-description=\"\" data-medium-file=\"http:\/\/osrodekpietrowice.pl\/wp-content\/uploads\/2016\/03\/Kapielisko-2-300x169.jpg\" data-large-file=\"http:\/\/osrodekpietrowice.pl\/wp-content\/uploads\/2016\/03\/Kapielisko-2-1024x576.jpg\" src=\"https:\/\/i1.wp.com\/osrodekpietrowice.pl\/wp-content\/uploads\/2016\/03\/Kapielisko-2.jpg?w=341&#038;h=192\" width=\"341\" height=\"192\" data-original-width=\"341\" data-original-height=\"192\" itemprop=\"http:\/\/schema.org\/image\" title=\"Kapielisko (2)\" alt=\"Kapielisko (2)\" style=\"width: 341px; height: 192px;\" \/> <\/a> <\/div> <\/div> <!-- close group --> <\/div> <!-- close row --> <div class=\"gallery-row\" style=\"width: 690px; height: 390px;\" data-original-width=\"690\" data-original-height=\"390\" > <div class=\"gallery-group images-1\" style=\"width: 690px; height: 390px;\" data-original-width=\"690\" data-original-height=\"390\" > <div class=\"tiled-gallery-item tiled-gallery-item-large\" itemprop=\"associatedMedia\" itemscope itemtype=\"http:\/\/schema.org\/ImageObject\"> <a href=\"https:\/\/i1.wp.com\/osrodekpietrowice.pl\/wp-content\/uploads\/2016\/03\/Kapielisko-1.jpg\" border=\"0\" itemprop=\"url\"> <meta itemprop=\"width\" content=\"686\"> <meta itemprop=\"height\" content=\"386\"> <img data-attachment-id=\"265\" data-orig-file=\"http:\/\/osrodekpietrowice.pl\/wp-content\/uploads\/2016\/03\/Kapielisko-1.jpg\" data-orig-size=\"1920,1080\" data-comments-opened=\"\" data-image-meta=\"{&quot;aperture&quot;:&quot;0&quot;,&quot;credit&quot;:&quot;&quot;,&quot;camera&quot;:&quot;&quot;,&quot;caption&quot;:&quot;&quot;,&quot;created_timestamp&quot;:&quot;0&quot;,&quot;copyright&quot;:&quot;&quot;,&quot;focal_length&quot;:&quot;0&quot;,&quot;iso&quot;:&quot;0&quot;,&quot;shutter_speed&quot;:&quot;0&quot;,&quot;title&quot;:&quot;&quot;,&quot;orientation&quot;:&quot;1&quot;}\" data-image-title=\"Kapielisko (1)\" data-image-description=\"\" data-medium-file=\"http:\/\/osrodekpietrowice.pl\/wp-content\/uploads\/2016\/03\/Kapielisko-1-300x169.jpg\" data-large-file=\"http:\/\/osrodekpietrowice.pl\/wp-content\/uploads\/2016\/03\/Kapielisko-1-1024x576.jpg\" src=\"https:\/\/i1.wp.com\/osrodekpietrowice.pl\/wp-content\/uploads\/2016\/03\/Kapielisko-1.jpg?w=686&#038;h=386\" width=\"686\" height=\"386\" data-original-width=\"686\" data-original-height=\"386\" itemprop=\"http:\/\/schema.org\/image\" title=\"Kapielisko (1)\" alt=\"Kapielisko (1)\" style=\"width: 686px; height: 386px;\" \/> <\/a> <\/div> <\/div> <!-- close group --> <\/div> <!-- close row --> <\/div>\n","protected":false},"excerpt":{"rendered":"<p>Zlokalizowane jest na lewym brzegu zbiornika zaporowego. K\u0105pielisko wyposa\u017cone jest w 3\u00a0stopniow\u0105 wie\u017c\u0119 do skok\u00f3w, 25\u00a0metrow\u0105 \u015blizgawk\u0119, 2\u00a0mniejsze \u015blizgawki dla dzieci, brodzik z piaszczyst\u0105 pla\u017c\u0105, 2\u00a0pomosty<\/p>\n","protected":false},"author":1,"featured_media":24,"parent":0,"menu_order":0,"comment_status":"closed","ping_status":"closed","template":"","meta":{"spay_email":""},"jetpack_sharing_enabled":true,"jetpack-related-posts":[],"_links":{"self":[{"href":"http:\/\/osrodekpietrowice.pl\/index.php?rest_route=\/wp\/v2\/pages\/18"}],"collection":[{"href":"http:\/\/osrodekpietrowice.pl\/index.php?rest_route=\/wp\/v2\/pages"}],"about":[{"href":"http:\/\/osrodekpietrowice.pl\/index.php?rest_route=\/wp\/v2\/types\/page"}],"author":[{"embeddable":true,"href":"http:\/\/osrodekpietrowice.pl\/index.php?rest_route=\/wp\/v2\/users\/1"}],"replies":[{"embeddable":true,"href":"http:\/\/osrodekpietrowice.pl\/index.php?rest_route=%2Fwp%2Fv2%2Fcomments&post=18"}],"version-history":[{"count":8,"href":"http:\/\/osrodekpietrowice.pl\/index.php?rest_route=\/wp\/v2\/pages\/18\/revisions"}],"predecessor-version":[{"id":298,"href":"http:\/\/osrodekpietrowice.pl\/index.php?rest_route=\/wp\/v2\/pages\/18\/revisions\/298"}],"wp:featuredmedia":[{"embeddable":true,"href":"http:\/\/osrodekpietrowice.pl\/index.php?rest_route=\/wp\/v2\/media\/24"}],"wp:attachment":[{"href":"http:\/\/osrodekpietrowice.pl\/index.php?rest_route=%2Fwp%2Fv2%2Fmedia&parent=18"}],"curies":[{"name":"wp","href":"https:\/\/api.w.org\/{rel}","templated":true}]}}